{"id":869,"date":"2021-04-20T15:47:33","date_gmt":"2021-04-20T13:47:33","guid":{"rendered":"https:\/\/www.swetlana-philipp.de\/?page_id=869"},"modified":"2021-05-15T17:40:06","modified_gmt":"2021-05-15T15:40:06","slug":"geschichten-zu-bildern-ein-experiment","status":"publish","type":"page","link":"https:\/\/www.swetlana-philipp.de\/?page_id=869","title":{"rendered":"Vom Bild zur Geschichte"},"content":{"rendered":"\n<p>Autorin: Uta Wallraff<br>\u201eKomm, erz\u00e4hl mir eine Geschichte\u201c \u2026. Unter diesem Motto sind im Wintersemester 2020\/2021 neun phantasiereiche und wunderbare Geschichten von Studierenden der Universit\u00e4t Erfurt zu Bildern der Diplompsychologin und K\u00fcnstlerin Dr. Swetlana Philipp (Uniklinikum Jena) entstanden.<\/p>\n\n\n\n<p class=\"has-large-font-size\">Kreatives Erz\u00e4hlprojekt des Bereiches Sprecherziehung<\/p>\n\n\n\n<p>Die Kunst des freien Erz\u00e4hlens verbindet hohes rhetorisches und sprechk\u00fcnstlerisches K\u00f6nnen, das jeder Deutschlehrer als Handwerk beherrschen sollte. Die Studierenden haben im Grundlagenkurs der Sprecherziehung unter der Leitung von Dr. Uta Wallraff (Universit\u00e4t Erfurt) vorrangig an ihrem pers\u00f6nlichen Sprech- und Stimmausdruck gearbeitet und diesen in ihren eigenen Geschichten kreativ umgesetzt. W\u00e4hrend des Kurses wurden auch andere Techniken und Impulse des Erz\u00e4hlens ge\u00fcbt: Erz\u00e4hlen zu einer Textvorlage, Erz\u00e4hlen mit einem Gegenstand, Erz\u00e4hlen aus unterschiedlicher Perspektive. Die literaturwissenschaftliche Analyse von Texten sowie die kunsttheoretische Besch\u00e4ftigung mit dem Bildgegenstand fundierten die Erz\u00e4hlarbeit fachwissenschaftlich.<br>F\u00fcr weitere Fragen stehen Ihnen Dr. Uta Wallraff (Sprachenzentrum, Universit\u00e4t Erfurt)<br>https:\/\/www.uni-erfurt.de\/sprachenzentrum\/sprachen\/sprachen-p-z\/sprecherziehung\/ und<br>Dr. Swetlana Philipp (Institut f\u00fcr Psychosoziale Medizin, Psychotherapie und Psychoonkologie, Universit\u00e4tsklinikum der Friedrich-Schiller-Universit\u00e4t Jena) https:\/\/www.swetlana-philipp.de zur Verf\u00fcgung.<\/p>\n\n\n\n<p><\/p>\n\n\n\n<div class=\"wp-block-image\"><figure class=\"aligncenter size-large is-resized\"><a href=\"https:\/\/www.swetlana-philipp.de\/wp-content\/uploads\/2021\/04\/image.png\"><img loading=\"lazy\" decoding=\"async\" src=\"https:\/\/www.swetlana-philipp.de\/wp-content\/uploads\/2021\/04\/image.png\" alt=\"Ein Mensch blickt in die Ferne \" class=\"wp-image-870\" width=\"240\" height=\"160\" title=\"Ein Mensch blickt in die Ferne \"\/><\/a><figcaption><strong>Unvergessen<\/strong> &#8211; D.-S. B.<\/figcaption><\/figure><\/div>\n\n\n\n<figure class=\"wp-block-audio\"><audio controls src=\"https:\/\/www.swetlana-philipp.de\/wp-content\/uploads\/audio\/Unvergessen.mp3\"><\/audio><\/figure>\n\n\n\n<p><\/p>\n\n\n\n<div class=\"wp-block-image is-style-default\"><figure class=\"aligncenter size-large is-resized\"><a href=\"https:\/\/www.swetlana-philipp.de\/wp-content\/uploads\/2021\/04\/image-1.png\"><img loading=\"lazy\" decoding=\"async\" src=\"https:\/\/www.swetlana-philipp.de\/wp-content\/uploads\/2021\/04\/image-1.png\" alt=\"Rekonstruktion \" class=\"wp-image-871\" width=\"240\" height=\"160\" title=\"Rekonstruktion \"\/><\/a><figcaption>Freudiges Wiedersehen &#8211; Emily Eiser<\/figcaption><\/figure><\/div>\n\n\n\n<figure class=\"wp-block-audio\"><audio controls src=\"https:\/\/www.swetlana-philipp.de\/wp-content\/uploads\/audio\/Freudiges Wiedersehen.mp3\"><\/audio><\/figure>\n\n\n\n<p><\/p>\n\n\n\n<div class=\"wp-block-image\"><figure class=\"aligncenter size-large is-resized\"><a href=\"https:\/\/www.swetlana-philipp.de\/wp-content\/uploads\/2021\/04\/image-2.png\"><img loading=\"lazy\" decoding=\"async\" src=\"https:\/\/www.swetlana-philipp.de\/wp-content\/uploads\/2021\/04\/image-2.png\" alt=\"Ich denke, das sind die Anden \" class=\"wp-image-872\" width=\"240\" height=\"160\" title=\"Ich denke, das sind die Anden \"\/><\/a><figcaption><strong>Timos Reise <\/strong>&#8211; A. F.<\/figcaption><\/figure><\/div>\n\n\n\n<figure class=\"wp-block-audio\"><audio controls src=\"https:\/\/www.swetlana-philipp.de\/wp-content\/uploads\/audio\/Timos Reise.mp3\"><\/audio><\/figure>\n\n\n\n<p><\/p>\n\n\n\n<div class=\"wp-block-image\"><figure class=\"aligncenter size-large\"><a href=\"https:\/\/www.swetlana-philipp.de\/wp-content\/uploads\/2021\/04\/image-3.png\"><img loading=\"lazy\" decoding=\"async\" width=\"237\" height=\"158\" src=\"https:\/\/www.swetlana-philipp.de\/wp-content\/uploads\/2021\/04\/image-3.png\" alt=\"Hommage an F. \" class=\"wp-image-873\" title=\"Hommage an F. \"\/><\/a><figcaption><strong>Weg aus der Dunkelheit<\/strong> &#8211; W.G.<\/figcaption><\/figure><\/div>\n\n\n\n<figure class=\"wp-block-audio\"><audio controls src=\"https:\/\/www.swetlana-philipp.de\/wp-content\/uploads\/audio\/Weg aus der Dunkelheit.mp3\"><\/audio><\/figure>\n\n\n\n<p><\/p>\n\n\n\n<div class=\"wp-block-image\"><figure class=\"aligncenter size-large\"><a href=\"https:\/\/www.swetlana-philipp.de\/wp-content\/uploads\/2021\/04\/image-9.png\"><img loading=\"lazy\" decoding=\"async\" width=\"237\" height=\"158\" src=\"https:\/\/www.swetlana-philipp.de\/wp-content\/uploads\/2021\/04\/image-9.png\" alt=\"Da m\u00f6chte ich wohnen\" class=\"wp-image-913\" title=\"Da m\u00f6chte ich wohnen\"\/><\/a><figcaption><strong>Wei\u00dft du noch fr\u00fcher?<\/strong> &#8211; Anna Jagusch<\/figcaption><\/figure><\/div>\n\n\n\n<figure class=\"wp-block-audio\"><audio controls src=\"https:\/\/www.swetlana-philipp.de\/wp-content\/uploads\/audio\/Wei\u00dft du noch fr\u00fcher.mp3\"><\/audio><\/figure>\n\n\n\n<p><\/p>\n\n\n\n<div class=\"wp-block-image\"><figure class=\"aligncenter size-large\"><a href=\"https:\/\/www.swetlana-philipp.de\/wp-content\/uploads\/2021\/04\/image-5.png\"><img loading=\"lazy\" decoding=\"async\" width=\"237\" height=\"158\" src=\"https:\/\/www.swetlana-philipp.de\/wp-content\/uploads\/2021\/04\/image-5.png\" alt=\"Herbstspaziergang\" class=\"wp-image-880\" title=\"Herbstspaziergang\"\/><\/a><figcaption><strong>Verlorene Tr\u00e4ume <\/strong>&#8211;<strong> <\/strong>J. R.<\/figcaption><\/figure><\/div>\n\n\n\n<figure class=\"wp-block-audio\"><audio controls src=\"https:\/\/www.swetlana-philipp.de\/wp-content\/uploads\/audio\/Verlorene Tr\u00e4ume.mp3\"><\/audio><\/figure>\n\n\n\n<p><\/p>\n\n\n\n<div class=\"wp-block-image\"><figure class=\"aligncenter size-large is-resized\"><a href=\"https:\/\/www.swetlana-philipp.de\/wp-content\/uploads\/2021\/04\/image-6.png\"><img loading=\"lazy\" decoding=\"async\" src=\"https:\/\/www.swetlana-philipp.de\/wp-content\/uploads\/2021\/04\/image-6.png\" alt=\"Bald geht die Sonne unter\" class=\"wp-image-881\" width=\"240\" height=\"160\" title=\"Bald geht die Sonne unter\"\/><\/a><figcaption><strong>Angekommen<\/strong> &#8211; Elena Rauh<\/figcaption><\/figure><\/div>\n\n\n\n<figure class=\"wp-block-audio\"><audio controls src=\"https:\/\/www.swetlana-philipp.de\/wp-content\/uploads\/audio\/Angekommen.mp3\"><\/audio><\/figure>\n\n\n\n<p><\/p>\n\n\n\n<div class=\"wp-block-image\"><figure class=\"aligncenter size-large\"><a href=\"https:\/\/www.swetlana-philipp.de\/wp-content\/uploads\/2021\/04\/image-7.png\"><img loading=\"lazy\" decoding=\"async\" width=\"240\" height=\"160\" src=\"https:\/\/www.swetlana-philipp.de\/wp-content\/uploads\/2021\/04\/image-7.png\" alt=\"Welche Pracht\" class=\"wp-image-882\" title=\"Welche Pracht\"\/><\/a><figcaption><strong>Erinnerungen<\/strong> &#8211; Marie Schumann<\/figcaption><\/figure><\/div>\n\n\n\n<figure class=\"wp-block-audio\"><audio controls src=\"https:\/\/www.swetlana-philipp.de\/wp-content\/uploads\/audio\/Erinnerung.mp3\"><\/audio><\/figure>\n\n\n\n<p><\/p>\n\n\n\n<div class=\"wp-block-image\"><figure class=\"aligncenter size-large\"><a href=\"https:\/\/www.swetlana-philipp.de\/wp-content\/uploads\/2021\/04\/image-8.png\"><img loading=\"lazy\" decoding=\"async\" width=\"240\" height=\"160\" src=\"https:\/\/www.swetlana-philipp.de\/wp-content\/uploads\/2021\/04\/image-8.png\" alt=\"Es ist schon Nacht\" class=\"wp-image-883\" title=\"Es ist schon Nacht\"\/><\/a><figcaption><strong>Eine innige Freundschaft<\/strong> &#8211; F. T.<\/figcaption><\/figure><\/div>\n\n\n\n<figure class=\"wp-block-audio\"><audio controls src=\"https:\/\/www.swetlana-philipp.de\/wp-content\/uploads\/audio\/Eine innige Freundschaft.mp3\"><\/audio><\/figure>\n\n\n\n<p><\/p>\n","protected":false},"excerpt":{"rendered":"<p>Autorin: Uta Wallraff\u201eKomm, erz\u00e4hl mir eine Geschichte\u201c \u2026. Unter diesem Motto sind im Wintersemester 2020\/2021 neun phantasiereiche und wunderbare Geschichten von Studierenden der Universit\u00e4t Erfurt zu Bildern der Diplompsychologin und K\u00fcnstlerin Dr. Swetlana Philipp (Uniklinikum Jena) entstanden. Kreatives Erz\u00e4hlprojekt des Bereiches Sprecherziehung Die Kunst des freien Erz\u00e4hlens verbindet hohes rhetorisches und sprechk\u00fcnstlerisches K\u00f6nnen, das jeder [&hellip;]<\/p>\n","protected":false},"author":2,"featured_media":0,"parent":0,"menu_order":5,"comment_status":"closed","ping_status":"closed","template":"page-full-width.php","meta":{"ngg_post_thumbnail":0,"footnotes":""},"class_list":["post-869","page","type-page","status-publish","hentry"],"jetpack_sharing_enabled":true,"_links":{"self":[{"href":"https:\/\/www.swetlana-philipp.de\/index.php?rest_route=\/wp\/v2\/pages\/869","targetHints":{"allow":["GET"]}}],"collection":[{"href":"https:\/\/www.swetlana-philipp.de\/index.php?rest_route=\/wp\/v2\/pages"}],"about":[{"href":"https:\/\/www.swetlana-philipp.de\/index.php?rest_route=\/wp\/v2\/types\/page"}],"author":[{"embeddable":true,"href":"https:\/\/www.swetlana-philipp.de\/index.php?rest_route=\/wp\/v2\/users\/2"}],"replies":[{"embeddable":true,"href":"https:\/\/www.swetlana-philipp.de\/index.php?rest_route=%2Fwp%2Fv2%2Fcomments&post=869"}],"version-history":[{"count":38,"href":"https:\/\/www.swetlana-philipp.de\/index.php?rest_route=\/wp\/v2\/pages\/869\/revisions"}],"predecessor-version":[{"id":974,"href":"https:\/\/www.swetlana-philipp.de\/index.php?rest_route=\/wp\/v2\/pages\/869\/revisions\/974"}],"wp:attachment":[{"href":"https:\/\/www.swetlana-philipp.de\/index.php?rest_route=%2Fwp%2Fv2%2Fmedia&parent=869"}],"curies":[{"name":"wp","href":"https:\/\/api.w.org\/{rel}","templated":true}]}}