{"id":441,"date":"2019-09-30T13:55:12","date_gmt":"2019-09-30T11:55:12","guid":{"rendered":"https:\/\/www.swetlana-philipp.de\/?page_id=441"},"modified":"2019-10-24T18:40:45","modified_gmt":"2019-10-24T16:40:45","slug":"spiralen","status":"publish","type":"page","link":"https:\/\/www.swetlana-philipp.de\/?page_id=441","title":{"rendered":"Spiralen"},"content":{"rendered":"\n<p>\nKlick aufs Bild zum Vergr\u00f6\u00dfern und f\u00fcr Details (Name, Gr\u00f6\u00dfe, Preis)\n\n<\/p>\n\n\n\nngg_shortcode_0_placeholder\n","protected":false},"excerpt":{"rendered":"<p>Klick aufs Bild zum Vergr\u00f6\u00dfern und f\u00fcr Details (Name, Gr\u00f6\u00dfe, Preis)<\/p>\n","protected":false},"author":3,"featured_media":0,"parent":40,"menu_order":5,"comment_status":"closed","ping_status":"closed","template":"page-full-width.php","meta":{"ngg_post_thumbnail":0,"footnotes":""},"class_list":["post-441","page","type-page","status-publish","hentry"],"jetpack_sharing_enabled":true,"_links":{"self":[{"href":"https:\/\/www.swetlana-philipp.de\/index.php?rest_route=\/wp\/v2\/pages\/441","targetHints":{"allow":["GET"]}}],"collection":[{"href":"https:\/\/www.swetlana-philipp.de\/index.php?rest_route=\/wp\/v2\/pages"}],"about":[{"href":"https:\/\/www.swetlana-philipp.de\/index.php?rest_route=\/wp\/v2\/types\/page"}],"author":[{"embeddable":true,"href":"https:\/\/www.swetlana-philipp.de\/index.php?rest_route=\/wp\/v2\/users\/3"}],"replies":[{"embeddable":true,"href":"https:\/\/www.swetlana-philipp.de\/index.php?rest_route=%2Fwp%2Fv2%2Fcomments&post=441"}],"version-history":[{"count":3,"href":"https:\/\/www.swetlana-philipp.de\/index.php?rest_route=\/wp\/v2\/pages\/441\/revisions"}],"predecessor-version":[{"id":666,"href":"https:\/\/www.swetlana-philipp.de\/index.php?rest_route=\/wp\/v2\/pages\/441\/revisions\/666"}],"up":[{"embeddable":true,"href":"https:\/\/www.swetlana-philipp.de\/index.php?rest_route=\/wp\/v2\/pages\/40"}],"wp:attachment":[{"href":"https:\/\/www.swetlana-philipp.de\/index.php?rest_route=%2Fwp%2Fv2%2Fmedia&parent=441"}],"curies":[{"name":"wp","href":"https:\/\/api.w.org\/{rel}","templated":true}]}}