{"id":246,"date":"2019-09-29T21:30:00","date_gmt":"2019-09-29T19:30:00","guid":{"rendered":"https:\/\/www.swetlana-philipp.de\/?page_id=246"},"modified":"2019-10-24T18:40:13","modified_gmt":"2019-10-24T16:40:13","slug":"tiere","status":"publish","type":"page","link":"https:\/\/www.swetlana-philipp.de\/?page_id=246","title":{"rendered":"Tiere"},"content":{"rendered":"\n<p>\nKlick aufs Bild zum Vergr\u00f6\u00dfern und f\u00fcr Details (Name, Gr\u00f6\u00dfe, Preis)\n\n<\/p>\n\n\n\nngg_shortcode_0_placeholder\n","protected":false},"excerpt":{"rendered":"<p>Klick aufs Bild zum Vergr\u00f6\u00dfern und f\u00fcr Details (Name, Gr\u00f6\u00dfe, Preis)<\/p>\n","protected":false},"author":2,"featured_media":0,"parent":40,"menu_order":4,"comment_status":"closed","ping_status":"closed","template":"page-full-width.php","meta":{"ngg_post_thumbnail":0,"footnotes":""},"class_list":["post-246","page","type-page","status-publish","hentry"],"jetpack_sharing_enabled":true,"_links":{"self":[{"href":"https:\/\/www.swetlana-philipp.de\/index.php?rest_route=\/wp\/v2\/pages\/246","targetHints":{"allow":["GET"]}}],"collection":[{"href":"https:\/\/www.swetlana-philipp.de\/index.php?rest_route=\/wp\/v2\/pages"}],"about":[{"href":"https:\/\/www.swetlana-philipp.de\/index.php?rest_route=\/wp\/v2\/types\/page"}],"author":[{"embeddable":true,"href":"https:\/\/www.swetlana-philipp.de\/index.php?rest_route=\/wp\/v2\/users\/2"}],"replies":[{"embeddable":true,"href":"https:\/\/www.swetlana-philipp.de\/index.php?rest_route=%2Fwp%2Fv2%2Fcomments&post=246"}],"version-history":[{"count":7,"href":"https:\/\/www.swetlana-philipp.de\/index.php?rest_route=\/wp\/v2\/pages\/246\/revisions"}],"predecessor-version":[{"id":665,"href":"https:\/\/www.swetlana-philipp.de\/index.php?rest_route=\/wp\/v2\/pages\/246\/revisions\/665"}],"up":[{"embeddable":true,"href":"https:\/\/www.swetlana-philipp.de\/index.php?rest_route=\/wp\/v2\/pages\/40"}],"wp:attachment":[{"href":"https:\/\/www.swetlana-philipp.de\/index.php?rest_route=%2Fwp%2Fv2%2Fmedia&parent=246"}],"curies":[{"name":"wp","href":"https:\/\/api.w.org\/{rel}","templated":true}]}}